{"id":989,"date":"2022-05-05T14:40:17","date_gmt":"2022-05-05T14:40:17","guid":{"rendered":"http:\/\/box5258.temp.domains\/~mercotec\/?post_type=product&#038;p=989"},"modified":"2025-11-25T03:52:37","modified_gmt":"2025-11-25T03:52:37","slug":"10x-bolas-mini-led-sumergibles-calida-led-pearls","status":"publish","type":"product","link":"https:\/\/mercotecnia.cl\/?product=10x-bolas-mini-led-sumergibles-calida-led-pearls","title":{"rendered":"10x Bolas Mini Led sumergibles &#8211; color \u00e1mbar, fr\u00eda y multicolor"},"content":{"rendered":"<ul>\n<li>Tama\u00f1o: 1cm de di\u00e1metro<\/li>\n<li>Color Luz: Luz c\u00e1lida (\u00e1mbar), Fr\u00eda o Multicolor (seleccionar)<\/li>\n<li>Sumergible<\/li>\n<li>Opera con 2x LR41 inclu\u00eddas.<\/li>\n<li>Pack incluye 10 unidades<\/li>\n<\/ul>\n","protected":false},"excerpt":{"rendered":"<p>Tama\u00f1o: 1cm de di\u00e1metro Color Luz: Luz c\u00e1lida (\u00e1mbar), Fr\u00eda o Multicolor (seleccionar) Sumergible Opera con 2x LR41 inclu\u00eddas. Pack incluye 10 unidades<\/p>\n","protected":false},"featured_media":1843,"comment_status":"closed","ping_status":"closed","template":"","meta":{"nf_dc_page":""},"product_brand":[],"product_cat":[1519],"product_tag":[],"class_list":{"0":"post-989","1":"product","2":"type-product","3":"status-publish","4":"has-post-thumbnail","6":"product_cat-decoracion-matrimonios","8":"first","9":"instock","10":"shipping-taxable","11":"purchasable","12":"product-type-variable"},"aioseo_notices":[],"jetpack_sharing_enabled":true,"_links":{"self":[{"href":"https:\/\/mercotecnia.cl\/index.php?rest_route=\/wp\/v2\/product\/989","targetHints":{"allow":["GET"]}}],"collection":[{"href":"https:\/\/mercotecnia.cl\/index.php?rest_route=\/wp\/v2\/product"}],"about":[{"href":"https:\/\/mercotecnia.cl\/index.php?rest_route=\/wp\/v2\/types\/product"}],"replies":[{"embeddable":true,"href":"https:\/\/mercotecnia.cl\/index.php?rest_route=%2Fwp%2Fv2%2Fcomments&post=989"}],"version-history":[{"count":0,"href":"https:\/\/mercotecnia.cl\/index.php?rest_route=\/wp\/v2\/product\/989\/revisions"}],"wp:featuredmedia":[{"embeddable":true,"href":"https:\/\/mercotecnia.cl\/index.php?rest_route=\/wp\/v2\/media\/1843"}],"wp:attachment":[{"href":"https:\/\/mercotecnia.cl\/index.php?rest_route=%2Fwp%2Fv2%2Fmedia&parent=989"}],"wp:term":[{"taxonomy":"product_brand","embeddable":true,"href":"https:\/\/mercotecnia.cl\/index.php?rest_route=%2Fwp%2Fv2%2Fproduct_brand&post=989"},{"taxonomy":"product_cat","embeddable":true,"href":"https:\/\/mercotecnia.cl\/index.php?rest_route=%2Fwp%2Fv2%2Fproduct_cat&post=989"},{"taxonomy":"product_tag","embeddable":true,"href":"https:\/\/mercotecnia.cl\/index.php?rest_route=%2Fwp%2Fv2%2Fproduct_tag&post=989"}],"curies":[{"name":"wp","href":"https:\/\/api.w.org\/{rel}","templated":true}]}}