{"id":933,"date":"2022-12-26T14:39:20","date_gmt":"2022-12-26T14:39:20","guid":{"rendered":"http:\/\/box5258.temp.domains\/~mercotec\/?post_type=product&#038;p=933"},"modified":"2023-03-28T19:33:06","modified_gmt":"2023-03-28T19:33:06","slug":"regleta-bornera-con-2-botones-para-2-cables","status":"publish","type":"product","link":"https:\/\/mercotecnia.cl\/?product=regleta-bornera-con-2-botones-para-2-cables","title":{"rendered":"Regleta Bornera con 2 botones para 2 cables"},"content":{"rendered":"","protected":false},"excerpt":{"rendered":"<p>Accesorio ideal para una conexi\u00f3n profesional. Ideal para evitar empalmes de cable .<\/p>\n<ul>\n<li>Posee cuatro borneras dos de cada lado para\u00a0 realizar conexiones. Ademas con un sacado en el centro para su fijaci\u00f3n, dando m\u00e1s seguridad y estabilidad a la instalaci\u00f3n.<\/li>\n<li>Puede ser utilizado tanto en 12V como en 220V.<\/li>\n<li>Ce<\/li>\n<li>tama\u00f1o: largo 20mm &#8211; Alto 10mm<\/li>\n<\/ul>\n","protected":false},"featured_media":1585,"comment_status":"closed","ping_status":"closed","template":"","meta":{"nf_dc_page":""},"product_brand":[],"product_cat":[1497],"product_tag":[],"class_list":{"0":"post-933","1":"product","2":"type-product","3":"status-publish","4":"has-post-thumbnail","6":"product_cat-accesorios-uniones-y-conectores","8":"first","9":"instock","10":"shipping-taxable","11":"purchasable","12":"product-type-simple"},"aioseo_notices":[],"jetpack_sharing_enabled":true,"_links":{"self":[{"href":"https:\/\/mercotecnia.cl\/index.php?rest_route=\/wp\/v2\/product\/933","targetHints":{"allow":["GET"]}}],"collection":[{"href":"https:\/\/mercotecnia.cl\/index.php?rest_route=\/wp\/v2\/product"}],"about":[{"href":"https:\/\/mercotecnia.cl\/index.php?rest_route=\/wp\/v2\/types\/product"}],"replies":[{"embeddable":true,"href":"https:\/\/mercotecnia.cl\/index.php?rest_route=%2Fwp%2Fv2%2Fcomments&post=933"}],"version-history":[{"count":1,"href":"https:\/\/mercotecnia.cl\/index.php?rest_route=\/wp\/v2\/product\/933\/revisions"}],"predecessor-version":[{"id":1926,"href":"https:\/\/mercotecnia.cl\/index.php?rest_route=\/wp\/v2\/product\/933\/revisions\/1926"}],"wp:featuredmedia":[{"embeddable":true,"href":"https:\/\/mercotecnia.cl\/index.php?rest_route=\/wp\/v2\/media\/1585"}],"wp:attachment":[{"href":"https:\/\/mercotecnia.cl\/index.php?rest_route=%2Fwp%2Fv2%2Fmedia&parent=933"}],"wp:term":[{"taxonomy":"product_brand","embeddable":true,"href":"https:\/\/mercotecnia.cl\/index.php?rest_route=%2Fwp%2Fv2%2Fproduct_brand&post=933"},{"taxonomy":"product_cat","embeddable":true,"href":"https:\/\/mercotecnia.cl\/index.php?rest_route=%2Fwp%2Fv2%2Fproduct_cat&post=933"},{"taxonomy":"product_tag","embeddable":true,"href":"https:\/\/mercotecnia.cl\/index.php?rest_route=%2Fwp%2Fv2%2Fproduct_tag&post=933"}],"curies":[{"name":"wp","href":"https:\/\/api.w.org\/{rel}","templated":true}]}}