{"id":880,"date":"2022-04-14T14:25:24","date_gmt":"2022-04-14T14:25:24","guid":{"rendered":"http:\/\/box5258.temp.domains\/~mercotec\/?post_type=product&#038;p=880"},"modified":"2022-09-23T19:49:45","modified_gmt":"2022-09-23T19:49:45","slug":"controlador-rgb-3-botones-regulador-manual","status":"publish","type":"product","link":"https:\/\/mercotecnia.cl\/?product=controlador-rgb-3-botones-regulador-manual","title":{"rendered":"Controlador Manual Cinta RGB 3 botones"},"content":{"rendered":"<p>Controlador Manual RGB de uso sencillo, con tan solo 3 botones puedes crear ambientes espectaculares.<\/p>\n<ol>\n<li>Color: Selecciona un color fijo, puedes seleccionar entre 20 colores cual es tu favorito.<\/li>\n<li>\u00a0Speed: Este bot\u00f3n tiene dos funciones cuando el color fijo est\u00e1 seleccionado sirve para definir la intensidad, y cuando estas en modo iluminaci\u00f3n sirve para definir la velocidad\u00a0 de la funci\u00f3n activa.\u00a0 Adem\u00e1s este bot\u00f3n si se mantiene apretado apaga\/ enciende la cinta.<\/li>\n<li>\u00a0Selecciona la funci\u00f3n o modo de iluminaci\u00f3n que m\u00e1s te gusta Strobe, Fade y Corte.<\/li>\n<\/ol>\n<p>&nbsp;<\/p>\n","protected":false},"excerpt":{"rendered":"<p>Regulador Manual para productos led RGB. Su funci\u00f3n principal es en cintas led (tiras led) pero la creatividad no tiene l\u00edmites.<\/p>\n","protected":false},"featured_media":1520,"comment_status":"closed","ping_status":"closed","template":"","meta":{"nf_dc_page":""},"product_brand":[],"product_cat":[1526],"product_tag":[],"class_list":{"0":"post-880","1":"product","2":"type-product","3":"status-publish","4":"has-post-thumbnail","6":"product_cat-control-remoto-cintas","8":"first","9":"instock","10":"shipping-taxable","11":"purchasable","12":"product-type-simple"},"aioseo_notices":[],"jetpack_sharing_enabled":true,"_links":{"self":[{"href":"https:\/\/mercotecnia.cl\/index.php?rest_route=\/wp\/v2\/product\/880","targetHints":{"allow":["GET"]}}],"collection":[{"href":"https:\/\/mercotecnia.cl\/index.php?rest_route=\/wp\/v2\/product"}],"about":[{"href":"https:\/\/mercotecnia.cl\/index.php?rest_route=\/wp\/v2\/types\/product"}],"replies":[{"embeddable":true,"href":"https:\/\/mercotecnia.cl\/index.php?rest_route=%2Fwp%2Fv2%2Fcomments&post=880"}],"version-history":[{"count":1,"href":"https:\/\/mercotecnia.cl\/index.php?rest_route=\/wp\/v2\/product\/880\/revisions"}],"predecessor-version":[{"id":1521,"href":"https:\/\/mercotecnia.cl\/index.php?rest_route=\/wp\/v2\/product\/880\/revisions\/1521"}],"wp:featuredmedia":[{"embeddable":true,"href":"https:\/\/mercotecnia.cl\/index.php?rest_route=\/wp\/v2\/media\/1520"}],"wp:attachment":[{"href":"https:\/\/mercotecnia.cl\/index.php?rest_route=%2Fwp%2Fv2%2Fmedia&parent=880"}],"wp:term":[{"taxonomy":"product_brand","embeddable":true,"href":"https:\/\/mercotecnia.cl\/index.php?rest_route=%2Fwp%2Fv2%2Fproduct_brand&post=880"},{"taxonomy":"product_cat","embeddable":true,"href":"https:\/\/mercotecnia.cl\/index.php?rest_route=%2Fwp%2Fv2%2Fproduct_cat&post=880"},{"taxonomy":"product_tag","embeddable":true,"href":"https:\/\/mercotecnia.cl\/index.php?rest_route=%2Fwp%2Fv2%2Fproduct_tag&post=880"}],"curies":[{"name":"wp","href":"https:\/\/api.w.org\/{rel}","templated":true}]}}