{"id":803,"date":"2023-01-03T17:13:29","date_gmt":"2023-01-03T17:13:29","guid":{"rendered":"http:\/\/box5258.temp.domains\/~mercotec\/?post_type=product&#038;p=803"},"modified":"2023-01-03T20:12:29","modified_gmt":"2023-01-03T20:12:29","slug":"sensor-de-luz-12v-10a","status":"publish","type":"product","link":"https:\/\/mercotecnia.cl\/?product=sensor-de-luz-12v-10a","title":{"rendered":"Sensor de Luz 12V 10A"},"content":{"rendered":"<h2 class=\"main-section__title item-description__title\">Apagado Autom\u00e1tico Fotoc\u00e9lula Foto Sensor Luz<\/h2>\n<div class=\"item-description__content \">\n<div class=\"item-description__text\">\n<p>caracter\u00edsticas:<br \/>\nvoltaje: AC 12 V<br \/>\nfrecuencia: 50-60Hz<br \/>\ncorriente de carga: 10A<br \/>\ntemperatura ambiente:-20 \u00b0 C a 50 \u00b0 C<br \/>\nconsumo de energ\u00eda: Max 2.0 W<\/p>\n<\/div>\n<\/div>\n","protected":false},"excerpt":{"rendered":"<p>Apagado Autom\u00e1tico Fotoc\u00e9lula Foto Sensor Luz caracter\u00edsticas: voltaje: AC 12 V frecuencia: 50-60Hz corriente de carga: 10A temperatura ambiente:-20 \u00b0 C a 50 \u00b0 C consumo de energ\u00eda: Max 2.0 W<\/p>\n","protected":false},"featured_media":1421,"comment_status":"closed","ping_status":"closed","template":"","meta":{"nf_dc_page":""},"product_brand":[],"product_cat":[1515],"product_tag":[],"class_list":{"0":"post-803","1":"product","2":"type-product","3":"status-publish","4":"has-post-thumbnail","6":"product_cat-sensor","8":"first","9":"instock","10":"shipping-taxable","11":"purchasable","12":"product-type-simple"},"aioseo_notices":[],"jetpack_sharing_enabled":true,"_links":{"self":[{"href":"https:\/\/mercotecnia.cl\/index.php?rest_route=\/wp\/v2\/product\/803","targetHints":{"allow":["GET"]}}],"collection":[{"href":"https:\/\/mercotecnia.cl\/index.php?rest_route=\/wp\/v2\/product"}],"about":[{"href":"https:\/\/mercotecnia.cl\/index.php?rest_route=\/wp\/v2\/types\/product"}],"replies":[{"embeddable":true,"href":"https:\/\/mercotecnia.cl\/index.php?rest_route=%2Fwp%2Fv2%2Fcomments&post=803"}],"version-history":[{"count":1,"href":"https:\/\/mercotecnia.cl\/index.php?rest_route=\/wp\/v2\/product\/803\/revisions"}],"predecessor-version":[{"id":1937,"href":"https:\/\/mercotecnia.cl\/index.php?rest_route=\/wp\/v2\/product\/803\/revisions\/1937"}],"wp:featuredmedia":[{"embeddable":true,"href":"https:\/\/mercotecnia.cl\/index.php?rest_route=\/wp\/v2\/media\/1421"}],"wp:attachment":[{"href":"https:\/\/mercotecnia.cl\/index.php?rest_route=%2Fwp%2Fv2%2Fmedia&parent=803"}],"wp:term":[{"taxonomy":"product_brand","embeddable":true,"href":"https:\/\/mercotecnia.cl\/index.php?rest_route=%2Fwp%2Fv2%2Fproduct_brand&post=803"},{"taxonomy":"product_cat","embeddable":true,"href":"https:\/\/mercotecnia.cl\/index.php?rest_route=%2Fwp%2Fv2%2Fproduct_cat&post=803"},{"taxonomy":"product_tag","embeddable":true,"href":"https:\/\/mercotecnia.cl\/index.php?rest_route=%2Fwp%2Fv2%2Fproduct_tag&post=803"}],"curies":[{"name":"wp","href":"https:\/\/api.w.org\/{rel}","templated":true}]}}