{"id":802,"date":"2021-06-08T14:34:29","date_gmt":"2021-06-08T14:34:29","guid":{"rendered":"http:\/\/box5258.temp.domains\/~mercotec\/?post_type=product&#038;p=802"},"modified":"2022-10-03T16:59:14","modified_gmt":"2022-10-03T16:59:14","slug":"sensor-de-luz-220v","status":"publish","type":"product","link":"https:\/\/mercotecnia.cl\/?product=sensor-de-luz-220v","title":{"rendered":"Sensor de Luz &#8211; 220v &#8211; 10A"},"content":{"rendered":"<h2 class=\"main-section__title item-description__title\">Apagado Autom\u00e1tico Fotoc\u00e9lula Foto Sensor Luz<\/h2>\n<div class=\"item-description__content \">\n<div class=\"item-description__text\">\n<p>caracter\u00edsticas:<br \/>\nvoltaje: AC 220 V<br \/>\nfrecuencia: 50-60Hz<br \/>\ncorriente de carga: 10A<br \/>\ntemperatura ambiente:-20 \u00b0 C a 50 \u00b0 C<br \/>\nconsumo de energ\u00eda: Max 2.0 W<\/p>\n<\/div>\n<\/div>\n","protected":false},"excerpt":{"rendered":"<p>Apagado Autom\u00e1tico Fotoc\u00e9lula Foto Sensor Luz caracter\u00edsticas: voltaje: AC 220 V frecuencia: 50-60Hz corriente de carga: 10A temperatura ambiente:-20 \u00b0 C a 50 \u00b0 C consumo de energ\u00eda: Max 2.0 W<\/p>\n","protected":false},"featured_media":1420,"comment_status":"closed","ping_status":"closed","template":"","meta":{"nf_dc_page":""},"product_brand":[],"product_cat":[1515],"product_tag":[],"class_list":{"0":"post-802","1":"product","2":"type-product","3":"status-publish","4":"has-post-thumbnail","6":"product_cat-sensor","8":"first","9":"instock","10":"shipping-taxable","11":"purchasable","12":"product-type-simple"},"aioseo_notices":[],"jetpack_sharing_enabled":true,"_links":{"self":[{"href":"https:\/\/mercotecnia.cl\/index.php?rest_route=\/wp\/v2\/product\/802","targetHints":{"allow":["GET"]}}],"collection":[{"href":"https:\/\/mercotecnia.cl\/index.php?rest_route=\/wp\/v2\/product"}],"about":[{"href":"https:\/\/mercotecnia.cl\/index.php?rest_route=\/wp\/v2\/types\/product"}],"replies":[{"embeddable":true,"href":"https:\/\/mercotecnia.cl\/index.php?rest_route=%2Fwp%2Fv2%2Fcomments&post=802"}],"version-history":[{"count":0,"href":"https:\/\/mercotecnia.cl\/index.php?rest_route=\/wp\/v2\/product\/802\/revisions"}],"wp:featuredmedia":[{"embeddable":true,"href":"https:\/\/mercotecnia.cl\/index.php?rest_route=\/wp\/v2\/media\/1420"}],"wp:attachment":[{"href":"https:\/\/mercotecnia.cl\/index.php?rest_route=%2Fwp%2Fv2%2Fmedia&parent=802"}],"wp:term":[{"taxonomy":"product_brand","embeddable":true,"href":"https:\/\/mercotecnia.cl\/index.php?rest_route=%2Fwp%2Fv2%2Fproduct_brand&post=802"},{"taxonomy":"product_cat","embeddable":true,"href":"https:\/\/mercotecnia.cl\/index.php?rest_route=%2Fwp%2Fv2%2Fproduct_cat&post=802"},{"taxonomy":"product_tag","embeddable":true,"href":"https:\/\/mercotecnia.cl\/index.php?rest_route=%2Fwp%2Fv2%2Fproduct_tag&post=802"}],"curies":[{"name":"wp","href":"https:\/\/api.w.org\/{rel}","templated":true}]}}