{"id":752,"date":"2021-06-08T14:33:46","date_gmt":"2021-06-08T14:33:46","guid":{"rendered":"http:\/\/box5258.temp.domains\/~mercotec\/?post_type=product&#038;p=752"},"modified":"2022-09-24T00:05:02","modified_gmt":"2022-09-24T00:05:02","slug":"parches-colageno-para-ojos","status":"publish","type":"product","link":"https:\/\/mercotecnia.cl\/?product=parches-colageno-para-ojos","title":{"rendered":"Parches Col\u00e1geno para Ojos"},"content":{"rendered":"<p>Parches de col\u00e1geno que mejoran la elasticidad del contorno del ojo, d\u00e1ndole firmeza a la piel, eliminando l\u00edneas finas, reduciendo las bolsas y ojeras.<br \/>\nMODO DE USO:<br \/>\n1-Limpiar y secar la zona del ojo<br \/>\n2- Sacar la m\u00e1scara del envase cuidando de no botar el liquido.<br \/>\n3-Aplicar un parche en cada ojo, dando golpecitos para mejor absorci\u00f3n del producto<br \/>\n4-Dejar actuar por 20-30 minutos<br \/>\n5-Retire los parches y masajee suavemente<br \/>\n6. Al ser utilizado por primera vez se guarda abierta en el<br \/>\nrefrigerador hasta la segunda aplicaci\u00f3n que se debe realizar<br \/>\ndespu\u00e9s de 3 d\u00edas y luego se desecha.<\/p>\n","protected":false},"excerpt":{"rendered":"<p>Parches de col\u00e1geno que mejoran la elasticidad del contorno del ojo, d\u00e1ndole firmeza a la piel, eliminando l\u00edneas finas, reduciendo las bolsas y ojeras. MODO DE USO: 1-Limpiar y secar la zona del ojo 2- Sacar la m\u00e1scara del envase cuidando de no botar el liquido. 3-Aplicar un parche en cada ojo, dando golpecitos para [&hellip;]<\/p>\n","protected":false},"featured_media":0,"comment_status":"closed","ping_status":"closed","template":"","meta":{"nf_dc_page":""},"product_brand":[],"product_cat":[1523],"product_tag":[],"class_list":{"0":"post-752","1":"product","2":"type-product","3":"status-publish","5":"product_cat-salud-y-belleza","7":"first","8":"outofstock","9":"shipping-taxable","10":"product-type-simple"},"aioseo_notices":[],"jetpack_sharing_enabled":true,"_links":{"self":[{"href":"https:\/\/mercotecnia.cl\/index.php?rest_route=\/wp\/v2\/product\/752","targetHints":{"allow":["GET"]}}],"collection":[{"href":"https:\/\/mercotecnia.cl\/index.php?rest_route=\/wp\/v2\/product"}],"about":[{"href":"https:\/\/mercotecnia.cl\/index.php?rest_route=\/wp\/v2\/types\/product"}],"replies":[{"embeddable":true,"href":"https:\/\/mercotecnia.cl\/index.php?rest_route=%2Fwp%2Fv2%2Fcomments&post=752"}],"version-history":[{"count":0,"href":"https:\/\/mercotecnia.cl\/index.php?rest_route=\/wp\/v2\/product\/752\/revisions"}],"wp:attachment":[{"href":"https:\/\/mercotecnia.cl\/index.php?rest_route=%2Fwp%2Fv2%2Fmedia&parent=752"}],"wp:term":[{"taxonomy":"product_brand","embeddable":true,"href":"https:\/\/mercotecnia.cl\/index.php?rest_route=%2Fwp%2Fv2%2Fproduct_brand&post=752"},{"taxonomy":"product_cat","embeddable":true,"href":"https:\/\/mercotecnia.cl\/index.php?rest_route=%2Fwp%2Fv2%2Fproduct_cat&post=752"},{"taxonomy":"product_tag","embeddable":true,"href":"https:\/\/mercotecnia.cl\/index.php?rest_route=%2Fwp%2Fv2%2Fproduct_tag&post=752"}],"curies":[{"name":"wp","href":"https:\/\/api.w.org\/{rel}","templated":true}]}}