{"id":751,"date":"2022-04-20T14:33:46","date_gmt":"2022-04-20T14:33:46","guid":{"rendered":"http:\/\/box5258.temp.domains\/~mercotec\/?post_type=product&#038;p=751"},"modified":"2022-04-20T20:58:09","modified_gmt":"2022-04-20T20:58:09","slug":"30-parches-slim-weight-loss-adelgazante","status":"publish","type":"product","link":"https:\/\/mercotecnia.cl\/?product=30-parches-slim-weight-loss-adelgazante","title":{"rendered":"30 Parches Slim Weight Loss | Adelgazante"},"content":{"rendered":"<p><strong>30<\/strong> parches para un mes de tratamiento.<\/p>\n<p><strong>Instrucciones:<\/strong><\/p>\n<p>Abre un parche y p\u00e9galo a la piel (ombligo)<br \/>\nMantenlo por entre 8 y 12 horas.<br \/>\nUsa diariamente durante 30 d\u00edas.<\/p>\n<p>*Imagen es una dramatizaci\u00f3n.<\/p>\n<h3>Advertencia:<\/h3>\n<ul>\n<li>Es para el uso de mayores de 18 a\u00f1os.<\/li>\n<li>Para que el resultado sea efectivo debe ser acompa\u00f1ado de dieta balanceada con alto consumo de l\u00edquidos libres de az\u00facar y alcohol.<\/li>\n<\/ul>\n","protected":false},"excerpt":{"rendered":"<p>El Slim weight loss patch trabajan por proceso termal, el que estimula la liberaci\u00f3n de ingredientes naturales a trav\u00e9s de la piel promoviendo el metabolismo y la quema de grasa. Estos parches son naturales y seguros de usar.<br \/>\nEn caso de alergias se recomienda detener el uso.<\/p>\n<p>&nbsp;<\/p>\n","protected":false},"featured_media":1566,"comment_status":"closed","ping_status":"closed","template":"","meta":{"nf_dc_page":""},"product_brand":[],"product_cat":[1524],"product_tag":[1525],"class_list":{"0":"post-751","1":"product","2":"type-product","3":"status-publish","4":"has-post-thumbnail","6":"product_cat-parches-adelgazantes","7":"product_tag-parches-adelgazantes","9":"first","10":"instock","11":"shipping-taxable","12":"purchasable","13":"product-type-simple"},"aioseo_notices":[],"jetpack_sharing_enabled":true,"_links":{"self":[{"href":"https:\/\/mercotecnia.cl\/index.php?rest_route=\/wp\/v2\/product\/751","targetHints":{"allow":["GET"]}}],"collection":[{"href":"https:\/\/mercotecnia.cl\/index.php?rest_route=\/wp\/v2\/product"}],"about":[{"href":"https:\/\/mercotecnia.cl\/index.php?rest_route=\/wp\/v2\/types\/product"}],"replies":[{"embeddable":true,"href":"https:\/\/mercotecnia.cl\/index.php?rest_route=%2Fwp%2Fv2%2Fcomments&post=751"}],"version-history":[{"count":1,"href":"https:\/\/mercotecnia.cl\/index.php?rest_route=\/wp\/v2\/product\/751\/revisions"}],"predecessor-version":[{"id":1567,"href":"https:\/\/mercotecnia.cl\/index.php?rest_route=\/wp\/v2\/product\/751\/revisions\/1567"}],"wp:featuredmedia":[{"embeddable":true,"href":"https:\/\/mercotecnia.cl\/index.php?rest_route=\/wp\/v2\/media\/1566"}],"wp:attachment":[{"href":"https:\/\/mercotecnia.cl\/index.php?rest_route=%2Fwp%2Fv2%2Fmedia&parent=751"}],"wp:term":[{"taxonomy":"product_brand","embeddable":true,"href":"https:\/\/mercotecnia.cl\/index.php?rest_route=%2Fwp%2Fv2%2Fproduct_brand&post=751"},{"taxonomy":"product_cat","embeddable":true,"href":"https:\/\/mercotecnia.cl\/index.php?rest_route=%2Fwp%2Fv2%2Fproduct_cat&post=751"},{"taxonomy":"product_tag","embeddable":true,"href":"https:\/\/mercotecnia.cl\/index.php?rest_route=%2Fwp%2Fv2%2Fproduct_tag&post=751"}],"curies":[{"name":"wp","href":"https:\/\/api.w.org\/{rel}","templated":true}]}}