{"id":708,"date":"2023-09-04T09:32:25","date_gmt":"2023-09-04T09:32:25","guid":{"rendered":"http:\/\/box5258.temp.domains\/~mercotec\/?post_type=product&#038;p=708"},"modified":"2023-09-04T13:14:01","modified_gmt":"2023-09-04T13:14:01","slug":"spherical-vela-led-redonda","status":"publish","type":"product","link":"https:\/\/mercotecnia.cl\/?product=spherical-vela-led-redonda","title":{"rendered":"Spherical | Vela led Redonda"},"content":{"rendered":"<ul>\n<li>Cantidad: 1 vela led<\/li>\n<li>Tama\u00f1o: di\u00e1metro 12 cm, alto 10.5 cm<\/li>\n<li>Color: Blanco<\/li>\n<li>Luz: Amarilla con efecto titilar<\/li>\n<li>Material: Cera ABS<\/li>\n<li>Encendido: Interruptor<\/li>\n<li>Operado: \u00a13 Pilas AAA Incluidas!<\/li>\n<\/ul>\n","protected":false},"excerpt":{"rendered":"<p>Spheriacal Vela Led con forma redonda con base plana para su f\u00e1cil instalaci\u00f3n, de cera color blanco y luz \u00e1mbar dan una c\u00e1lida sensaci\u00f3n a caminos, senderos, mesas y terrazas.<\/p>\n","protected":false},"featured_media":1277,"comment_status":"open","ping_status":"closed","template":"","meta":{"nf_dc_page":""},"product_brand":[],"product_cat":[1499],"product_tag":[],"class_list":{"0":"post-708","1":"product","2":"type-product","3":"status-publish","4":"has-post-thumbnail","6":"product_cat-velas-led","8":"first","9":"instock","10":"sale","11":"shipping-taxable","12":"purchasable","13":"product-type-simple"},"aioseo_notices":[],"jetpack_sharing_enabled":true,"_links":{"self":[{"href":"https:\/\/mercotecnia.cl\/index.php?rest_route=\/wp\/v2\/product\/708","targetHints":{"allow":["GET"]}}],"collection":[{"href":"https:\/\/mercotecnia.cl\/index.php?rest_route=\/wp\/v2\/product"}],"about":[{"href":"https:\/\/mercotecnia.cl\/index.php?rest_route=\/wp\/v2\/types\/product"}],"replies":[{"embeddable":true,"href":"https:\/\/mercotecnia.cl\/index.php?rest_route=%2Fwp%2Fv2%2Fcomments&post=708"}],"version-history":[{"count":2,"href":"https:\/\/mercotecnia.cl\/index.php?rest_route=\/wp\/v2\/product\/708\/revisions"}],"predecessor-version":[{"id":1975,"href":"https:\/\/mercotecnia.cl\/index.php?rest_route=\/wp\/v2\/product\/708\/revisions\/1975"}],"wp:featuredmedia":[{"embeddable":true,"href":"https:\/\/mercotecnia.cl\/index.php?rest_route=\/wp\/v2\/media\/1277"}],"wp:attachment":[{"href":"https:\/\/mercotecnia.cl\/index.php?rest_route=%2Fwp%2Fv2%2Fmedia&parent=708"}],"wp:term":[{"taxonomy":"product_brand","embeddable":true,"href":"https:\/\/mercotecnia.cl\/index.php?rest_route=%2Fwp%2Fv2%2Fproduct_brand&post=708"},{"taxonomy":"product_cat","embeddable":true,"href":"https:\/\/mercotecnia.cl\/index.php?rest_route=%2Fwp%2Fv2%2Fproduct_cat&post=708"},{"taxonomy":"product_tag","embeddable":true,"href":"https:\/\/mercotecnia.cl\/index.php?rest_route=%2Fwp%2Fv2%2Fproduct_tag&post=708"}],"curies":[{"name":"wp","href":"https:\/\/api.w.org\/{rel}","templated":true}]}}