{"id":704,"date":"2021-06-08T14:32:25","date_gmt":"2021-06-08T14:32:25","guid":{"rendered":"http:\/\/box5258.temp.domains\/~mercotec\/?post_type=product&#038;p=704"},"modified":"2024-03-07T18:41:17","modified_gmt":"2024-03-07T18:41:17","slug":"vela-led-forma-de-estrella-pack-2","status":"publish","type":"product","link":"https:\/\/mercotecnia.cl\/?product=vela-led-forma-de-estrella-pack-2","title":{"rendered":"Vela Led Forma de Estrella pack 2"},"content":{"rendered":"<h1>Vela Led con Forma de Estrella<\/h1>\n<p>Linda y segura decoraci\u00f3n para esta Navidad. Pack contiene dos velas de cera con &#8220;llama&#8221; led color amarilla que titila emulando igual la luz de una vela tradicional. Este producto lo puedes usar donde quieras ya que al no derretirse y no tener fuego no mancha y no genera ning\u00fan peligro para los ni\u00f1os y mascotas.<\/p>\n<ul>\n<li>Cantidad: 2 unidades<\/li>\n<li>Material: Cera ABS<\/li>\n<li>Tama\u00f1o: Di\u00e1metro 9 cm , alto 4 cm.<\/li>\n<li>Color: Blanco<\/li>\n<li>Luz: amarilla con efecto titilar<\/li>\n<li>Opera con: 1 bater\u00eda CR2032<\/li>\n<\/ul>\n","protected":false},"excerpt":{"rendered":"<p>Vela led con forma de estrella que viene en un pack de 2 unidades. \u00a0Su material es de cera y la luz es color amarillo con efecto titilar igual a la vela tradicional. Con su pr\u00e1ctico tama\u00f1o de 9cm dia por 4 cm alto, es perfecta para decorar mesas, arreglos florales, ba\u00f1os y mucho m\u00e1s<\/p>\n","protected":false},"featured_media":1397,"comment_status":"closed","ping_status":"closed","template":"","meta":{"nf_dc_page":""},"product_brand":[],"product_cat":[1499],"product_tag":[],"class_list":{"0":"post-704","1":"product","2":"type-product","3":"status-publish","4":"has-post-thumbnail","6":"product_cat-velas-led","8":"first","9":"instock","10":"shipping-taxable","11":"purchasable","12":"product-type-simple"},"aioseo_notices":[],"jetpack_sharing_enabled":true,"_links":{"self":[{"href":"https:\/\/mercotecnia.cl\/index.php?rest_route=\/wp\/v2\/product\/704","targetHints":{"allow":["GET"]}}],"collection":[{"href":"https:\/\/mercotecnia.cl\/index.php?rest_route=\/wp\/v2\/product"}],"about":[{"href":"https:\/\/mercotecnia.cl\/index.php?rest_route=\/wp\/v2\/types\/product"}],"replies":[{"embeddable":true,"href":"https:\/\/mercotecnia.cl\/index.php?rest_route=%2Fwp%2Fv2%2Fcomments&post=704"}],"version-history":[{"count":0,"href":"https:\/\/mercotecnia.cl\/index.php?rest_route=\/wp\/v2\/product\/704\/revisions"}],"wp:featuredmedia":[{"embeddable":true,"href":"https:\/\/mercotecnia.cl\/index.php?rest_route=\/wp\/v2\/media\/1397"}],"wp:attachment":[{"href":"https:\/\/mercotecnia.cl\/index.php?rest_route=%2Fwp%2Fv2%2Fmedia&parent=704"}],"wp:term":[{"taxonomy":"product_brand","embeddable":true,"href":"https:\/\/mercotecnia.cl\/index.php?rest_route=%2Fwp%2Fv2%2Fproduct_brand&post=704"},{"taxonomy":"product_cat","embeddable":true,"href":"https:\/\/mercotecnia.cl\/index.php?rest_route=%2Fwp%2Fv2%2Fproduct_cat&post=704"},{"taxonomy":"product_tag","embeddable":true,"href":"https:\/\/mercotecnia.cl\/index.php?rest_route=%2Fwp%2Fv2%2Fproduct_tag&post=704"}],"curies":[{"name":"wp","href":"https:\/\/api.w.org\/{rel}","templated":true}]}}