{"id":684,"date":"2022-12-26T14:31:53","date_gmt":"2022-12-26T14:31:53","guid":{"rendered":"http:\/\/box5258.temp.domains\/~mercotec\/?post_type=product&#038;p=684"},"modified":"2023-03-28T19:33:06","modified_gmt":"2023-03-28T19:33:06","slug":"controlador-cinta-led-rgb-3-botones-plug","status":"publish","type":"product","link":"https:\/\/mercotecnia.cl\/?product=controlador-cinta-led-rgb-3-botones-plug","title":{"rendered":"Controlador para Cinta Led RGB  3 Botones Plug a Plug"},"content":{"rendered":"","protected":false},"excerpt":{"rendered":"<p>Elige el color, velocidad, brillo y modo en que pasar\u00e1n los colores en tu cinta led RGB. Solo conecta a tu cinta el controlador de cinta led y podr\u00e1s f\u00e1cilmente apretando un bot\u00f3n definir a tu elecci\u00f3n el comportamiento de tu cinta.<\/p>\n<ul>\n<li>Input 12V<\/li>\n<li>Botones Principales : Mode (modo)\/ Speed (velocidad) , Bright (brillo) \/ \u00a0Light (luz)<\/li>\n<li>2 Conectores Plug 1 Macho y 1 Hembra<\/li>\n<li>\u00a0Compatible con Cintas Led 1 color 3528 y 5050<\/li>\n<\/ul>\n","protected":false},"featured_media":1915,"comment_status":"closed","ping_status":"closed","template":"","meta":{"nf_dc_page":""},"product_brand":[],"product_cat":[1526],"product_tag":[],"class_list":{"0":"post-684","1":"product","2":"type-product","3":"status-publish","4":"has-post-thumbnail","6":"product_cat-control-remoto-cintas","8":"first","9":"instock","10":"shipping-taxable","11":"purchasable","12":"product-type-simple"},"aioseo_notices":[],"jetpack_sharing_enabled":true,"_links":{"self":[{"href":"https:\/\/mercotecnia.cl\/index.php?rest_route=\/wp\/v2\/product\/684","targetHints":{"allow":["GET"]}}],"collection":[{"href":"https:\/\/mercotecnia.cl\/index.php?rest_route=\/wp\/v2\/product"}],"about":[{"href":"https:\/\/mercotecnia.cl\/index.php?rest_route=\/wp\/v2\/types\/product"}],"replies":[{"embeddable":true,"href":"https:\/\/mercotecnia.cl\/index.php?rest_route=%2Fwp%2Fv2%2Fcomments&post=684"}],"version-history":[{"count":1,"href":"https:\/\/mercotecnia.cl\/index.php?rest_route=\/wp\/v2\/product\/684\/revisions"}],"predecessor-version":[{"id":1916,"href":"https:\/\/mercotecnia.cl\/index.php?rest_route=\/wp\/v2\/product\/684\/revisions\/1916"}],"wp:featuredmedia":[{"embeddable":true,"href":"https:\/\/mercotecnia.cl\/index.php?rest_route=\/wp\/v2\/media\/1915"}],"wp:attachment":[{"href":"https:\/\/mercotecnia.cl\/index.php?rest_route=%2Fwp%2Fv2%2Fmedia&parent=684"}],"wp:term":[{"taxonomy":"product_brand","embeddable":true,"href":"https:\/\/mercotecnia.cl\/index.php?rest_route=%2Fwp%2Fv2%2Fproduct_brand&post=684"},{"taxonomy":"product_cat","embeddable":true,"href":"https:\/\/mercotecnia.cl\/index.php?rest_route=%2Fwp%2Fv2%2Fproduct_cat&post=684"},{"taxonomy":"product_tag","embeddable":true,"href":"https:\/\/mercotecnia.cl\/index.php?rest_route=%2Fwp%2Fv2%2Fproduct_tag&post=684"}],"curies":[{"name":"wp","href":"https:\/\/api.w.org\/{rel}","templated":true}]}}