{"id":602,"date":"2021-06-08T14:30:36","date_gmt":"2021-06-08T14:30:36","guid":{"rendered":"http:\/\/box5258.temp.domains\/~mercotec\/?post_type=product&#038;p=602"},"modified":"2022-10-05T20:02:46","modified_gmt":"2022-10-05T20:02:46","slug":"velas-led-decorativas-tealight-caja-4-unidades","status":"publish","type":"product","link":"https:\/\/mercotecnia.cl\/?product=velas-led-decorativas-tealight-caja-4-unidades","title":{"rendered":"Velas Led decorativas Tealight | Caja 4 Unidades"},"content":{"rendered":"<p>Las velas votivas led o\u00a0 \u201cTealight\u201d son\u00a0 muy \u00fatiles para decorar. Una soluci\u00f3n perfecta, limpia y segura para tu Bar, Restaurant, Hogar o Productoras de eventos.<\/p>\n<p>Puedes iluminar y decorar ambientes sin preocuparte de incendios, manchas de cera, quemaduras entre otros, sin duda una gran ventaja frente a las velitas cl\u00e1sicas de cera. Estas velas led adem\u00e1s las puedes usar tantas veces quieras siempre teniendo en cuenta que la intensidad de la luz decaer\u00e1 a medida que se desgasta de la bater\u00eda, sin embargo, esta la puedes reemplazar con facilidad.<\/p>\n<p>&nbsp;<\/p>\n","protected":false},"excerpt":{"rendered":"<h2>Set de 4 Velas led &#8220;Tealight&#8221;<\/h2>\n<ul>\n<li>PP Hips<\/li>\n<li>Caja incluye 4 <strong>velas led<\/strong><\/li>\n<li>\u00a0Led Titilar Amarillo<\/li>\n<li>Cada vela incluye 1 bater\u00eda CR2032<\/li>\n<li>Tama\u00f1o: 4 cm de alto y 3.7cm de ancho<\/li>\n<li>Certificados: CE y Rohs<\/li>\n<\/ul>\n<p>&nbsp;<\/p>\n","protected":false},"featured_media":1364,"comment_status":"closed","ping_status":"closed","template":"","meta":{"nf_dc_page":""},"product_brand":[],"product_cat":[1499],"product_tag":[],"class_list":{"0":"post-602","1":"product","2":"type-product","3":"status-publish","4":"has-post-thumbnail","6":"product_cat-velas-led","8":"first","9":"instock","10":"featured","11":"shipping-taxable","12":"purchasable","13":"product-type-simple"},"aioseo_notices":[],"jetpack_sharing_enabled":true,"_links":{"self":[{"href":"https:\/\/mercotecnia.cl\/index.php?rest_route=\/wp\/v2\/product\/602","targetHints":{"allow":["GET"]}}],"collection":[{"href":"https:\/\/mercotecnia.cl\/index.php?rest_route=\/wp\/v2\/product"}],"about":[{"href":"https:\/\/mercotecnia.cl\/index.php?rest_route=\/wp\/v2\/types\/product"}],"replies":[{"embeddable":true,"href":"https:\/\/mercotecnia.cl\/index.php?rest_route=%2Fwp%2Fv2%2Fcomments&post=602"}],"version-history":[{"count":1,"href":"https:\/\/mercotecnia.cl\/index.php?rest_route=\/wp\/v2\/product\/602\/revisions"}],"predecessor-version":[{"id":1365,"href":"https:\/\/mercotecnia.cl\/index.php?rest_route=\/wp\/v2\/product\/602\/revisions\/1365"}],"wp:featuredmedia":[{"embeddable":true,"href":"https:\/\/mercotecnia.cl\/index.php?rest_route=\/wp\/v2\/media\/1364"}],"wp:attachment":[{"href":"https:\/\/mercotecnia.cl\/index.php?rest_route=%2Fwp%2Fv2%2Fmedia&parent=602"}],"wp:term":[{"taxonomy":"product_brand","embeddable":true,"href":"https:\/\/mercotecnia.cl\/index.php?rest_route=%2Fwp%2Fv2%2Fproduct_brand&post=602"},{"taxonomy":"product_cat","embeddable":true,"href":"https:\/\/mercotecnia.cl\/index.php?rest_route=%2Fwp%2Fv2%2Fproduct_cat&post=602"},{"taxonomy":"product_tag","embeddable":true,"href":"https:\/\/mercotecnia.cl\/index.php?rest_route=%2Fwp%2Fv2%2Fproduct_tag&post=602"}],"curies":[{"name":"wp","href":"https:\/\/api.w.org\/{rel}","templated":true}]}}