{"id":562,"date":"2023-06-10T13:00:19","date_gmt":"2023-06-10T13:00:19","guid":{"rendered":"http:\/\/box5258.temp.domains\/~mercotec\/?post_type=product&#038;p=562"},"modified":"2023-06-18T00:08:26","modified_gmt":"2023-06-18T00:08:26","slug":"foco-led-rgb-10w-ip65-con-control-remoto","status":"publish","type":"product","link":"https:\/\/mercotecnia.cl\/?product=foco-led-rgb-10w-ip65-con-control-remoto","title":{"rendered":"Foco Led RGB 10W IP65 con Control Remoto"},"content":{"rendered":"","protected":false},"excerpt":{"rendered":"<ul>\n<li>4 Colores principales: Rojo, Verde, Azul y Blanco.(total 16 colores diferentes)<\/li>\n<li>Con control remoto. Modos: Strobe\/Flash\/Fade\/ Smooth \/On\/Off.<\/li>\n<li>Waterproof dise\u00f1ado para exteriores.<\/li>\n<li>Color Carcaza: Gris<\/li>\n<li>Voltaje Input: 85-265V<\/li>\n<li>Poder Consumo: 10W<\/li>\n<li>L\u00famenes \/ Brillo: cerca de 900LM<\/li>\n<li>Angulo de iluminaci\u00f3n: 120 grados.<\/li>\n<li>Material carcaza: Aluminio alta densidad.<\/li>\n<li>\u00cdndice de protecci\u00f3n: IP65 (dise\u00f1o Waterproof, pero no puede ser puesto en agua)<\/li>\n<li>Vida \u00fatil: &gt;40,000 hours<\/li>\n<li>Peso neto: 600g<\/li>\n<li>Caja Original: S\u00ed.<\/li>\n<\/ul>\n<p>Contenido del Paquete:<\/p>\n<p>1x 10W 85-265V Foco Proyector led RGB 10W<\/p>\n<p>1 x Control remoto inal\u00e1mbrico.<\/p>\n","protected":false},"featured_media":1956,"comment_status":"closed","ping_status":"closed","template":"","meta":{"nf_dc_page":""},"product_brand":[],"product_cat":[1516],"product_tag":[],"class_list":{"0":"post-562","1":"product","2":"type-product","3":"status-publish","4":"has-post-thumbnail","6":"product_cat-foco-proyector","8":"first","9":"instock","10":"shipping-taxable","11":"purchasable","12":"product-type-simple"},"aioseo_notices":[],"jetpack_sharing_enabled":true,"_links":{"self":[{"href":"https:\/\/mercotecnia.cl\/index.php?rest_route=\/wp\/v2\/product\/562","targetHints":{"allow":["GET"]}}],"collection":[{"href":"https:\/\/mercotecnia.cl\/index.php?rest_route=\/wp\/v2\/product"}],"about":[{"href":"https:\/\/mercotecnia.cl\/index.php?rest_route=\/wp\/v2\/types\/product"}],"replies":[{"embeddable":true,"href":"https:\/\/mercotecnia.cl\/index.php?rest_route=%2Fwp%2Fv2%2Fcomments&post=562"}],"version-history":[{"count":1,"href":"https:\/\/mercotecnia.cl\/index.php?rest_route=\/wp\/v2\/product\/562\/revisions"}],"predecessor-version":[{"id":1957,"href":"https:\/\/mercotecnia.cl\/index.php?rest_route=\/wp\/v2\/product\/562\/revisions\/1957"}],"wp:featuredmedia":[{"embeddable":true,"href":"https:\/\/mercotecnia.cl\/index.php?rest_route=\/wp\/v2\/media\/1956"}],"wp:attachment":[{"href":"https:\/\/mercotecnia.cl\/index.php?rest_route=%2Fwp%2Fv2%2Fmedia&parent=562"}],"wp:term":[{"taxonomy":"product_brand","embeddable":true,"href":"https:\/\/mercotecnia.cl\/index.php?rest_route=%2Fwp%2Fv2%2Fproduct_brand&post=562"},{"taxonomy":"product_cat","embeddable":true,"href":"https:\/\/mercotecnia.cl\/index.php?rest_route=%2Fwp%2Fv2%2Fproduct_cat&post=562"},{"taxonomy":"product_tag","embeddable":true,"href":"https:\/\/mercotecnia.cl\/index.php?rest_route=%2Fwp%2Fv2%2Fproduct_tag&post=562"}],"curies":[{"name":"wp","href":"https:\/\/api.w.org\/{rel}","templated":true}]}}