{"id":1363,"date":"2022-04-06T17:23:15","date_gmt":"2022-04-06T17:23:15","guid":{"rendered":"https:\/\/mercotecnia.cl\/?post_type=product&#038;p=1363"},"modified":"2022-11-03T22:11:28","modified_gmt":"2022-11-03T22:11:28","slug":"20x-velas-led-decorativas-tealight","status":"publish","type":"product","link":"https:\/\/mercotecnia.cl\/?product=20x-velas-led-decorativas-tealight","title":{"rendered":"Pack 20 Velas Led decorativas a Pila Efecto Llama"},"content":{"rendered":"<p>Las mini velas led votivas o\u00a0 &#8220;Tealight&#8221; son\u00a0 muy \u00fatiles para decorar. Utilizar velas led para decorar eventos, bodas o matrimonios son una excelente opci\u00f3n ya que es una soluci\u00f3n limpia y segura ya que la vela no se derrite y no tiene fuego.<\/p>\n<p>Puedes iluminar y decorar ambientes sin preocuparte de incendios, manchas de cera, quemaduras entre otros, sin duda una gran ventaja frente a las velitas cl\u00e1sicas de cera.<\/p>\n<p><strong>\u00bfCu\u00e1nto dura una vela led?<\/strong><\/p>\n<p>Estas velas led adem\u00e1s las puedes usar tantas veces quieras siempre teniendo en cuenta que la intensidad de la luz decaer\u00e1 a medida que se desgasta de la bater\u00eda, sin embargo, esta la puedes reemplazar con facilidad.<\/p>\n<p><strong>\u00bfPorqu\u00e9 \u00a0mi vela no enciende?<\/strong><\/p>\n<p>Lo m\u00e1s probable es que tu bater\u00eda est\u00e9 descargada. Pero uno es la \u00fanica opci\u00f3n por la cual una vela podr\u00eda no encender, a veces la bater\u00eda se mueve y deja de hacer contacto con los metales que est\u00e1n dispuestos al interior para conducir la energ\u00eda, \u00a0solo debes abrir la tapa y ajustar.(un peque\u00f1o golpecito en la tapa puede ser suficiente)<\/p>\n<p>&nbsp;<\/p>\n<p>&nbsp;<\/p>\n","protected":false},"excerpt":{"rendered":"<h2><\/h2>\n<ul>\n<li>PP Hips<\/li>\n<li>Pack incluye<strong> 20 Velas led\u00a0<\/strong><\/li>\n<li>Llama: Led Titilar Amarillo<\/li>\n<li>Cada funciona con 1 bater\u00eda CR2032 <strong>INCLUIDA<\/strong><\/li>\n<li>Tama\u00f1o: 4 cm de alto y 3.7 cm de ancho<\/li>\n<li>Certificados: CE y Rohs<\/li>\n<\/ul>\n<p>&nbsp;<\/p>\n","protected":false},"featured_media":1326,"comment_status":"closed","ping_status":"closed","template":"","meta":{"nf_dc_page":""},"product_brand":[],"product_cat":[1499],"product_tag":[],"class_list":{"0":"post-1363","1":"product","2":"type-product","3":"status-publish","4":"has-post-thumbnail","6":"product_cat-velas-led","8":"first","9":"instock","10":"featured","11":"shipping-taxable","12":"purchasable","13":"product-type-simple"},"aioseo_notices":[],"jetpack_sharing_enabled":true,"_links":{"self":[{"href":"https:\/\/mercotecnia.cl\/index.php?rest_route=\/wp\/v2\/product\/1363","targetHints":{"allow":["GET"]}}],"collection":[{"href":"https:\/\/mercotecnia.cl\/index.php?rest_route=\/wp\/v2\/product"}],"about":[{"href":"https:\/\/mercotecnia.cl\/index.php?rest_route=\/wp\/v2\/types\/product"}],"replies":[{"embeddable":true,"href":"https:\/\/mercotecnia.cl\/index.php?rest_route=%2Fwp%2Fv2%2Fcomments&post=1363"}],"version-history":[{"count":1,"href":"https:\/\/mercotecnia.cl\/index.php?rest_route=\/wp\/v2\/product\/1363\/revisions"}],"predecessor-version":[{"id":1795,"href":"https:\/\/mercotecnia.cl\/index.php?rest_route=\/wp\/v2\/product\/1363\/revisions\/1795"}],"wp:featuredmedia":[{"embeddable":true,"href":"https:\/\/mercotecnia.cl\/index.php?rest_route=\/wp\/v2\/media\/1326"}],"wp:attachment":[{"href":"https:\/\/mercotecnia.cl\/index.php?rest_route=%2Fwp%2Fv2%2Fmedia&parent=1363"}],"wp:term":[{"taxonomy":"product_brand","embeddable":true,"href":"https:\/\/mercotecnia.cl\/index.php?rest_route=%2Fwp%2Fv2%2Fproduct_brand&post=1363"},{"taxonomy":"product_cat","embeddable":true,"href":"https:\/\/mercotecnia.cl\/index.php?rest_route=%2Fwp%2Fv2%2Fproduct_cat&post=1363"},{"taxonomy":"product_tag","embeddable":true,"href":"https:\/\/mercotecnia.cl\/index.php?rest_route=%2Fwp%2Fv2%2Fproduct_tag&post=1363"}],"curies":[{"name":"wp","href":"https:\/\/api.w.org\/{rel}","templated":true}]}}