{"id":1163,"date":"2021-06-08T14:41:58","date_gmt":"2021-06-08T14:41:58","guid":{"rendered":"http:\/\/box5258.temp.domains\/~mercotec\/?post_type=product&#038;p=1163"},"modified":"2022-04-05T22:02:12","modified_gmt":"2022-04-05T22:02:12","slug":"camara-para-automovil-full-hd-blackbox-dvr","status":"publish","type":"product","link":"https:\/\/mercotecnia.cl\/?product=camara-para-automovil-full-hd-blackbox-dvr","title":{"rendered":"C\u00e1mara para Autom\u00f3vil Full HD Blackbox  DVR"},"content":{"rendered":"<p><strong>Black Box <\/strong><\/p>\n<p>Registra todo lo que pasa a tu alrededor mientras manejas con video y audio de alta calidad.\u00a0 Este registro te puede ser de gran utilidad como evidencia y para distinguir responsabilidades en un accidente adem\u00e1s de ser un asistente funcional de tu seguridad personal. Si algo inesperado pasa en tu camino tambi\u00e9n puede quedar registrado ovnis, protestas, animales ex\u00f3ticos etc.<\/p>\n","protected":false},"excerpt":{"rendered":"<ul>\n<li>Lente ultra ancho 170<\/li>\n<li>Formato video AVI<\/li>\n<li>Slot de Tarjeta Micro tF<\/li>\n<li>micr\u00f3fono integrado<\/li>\n<li>Energ\u00eda DC input del auto 5v 1A<\/li>\n<li>bater\u00eda polimero de litio<\/li>\n<li>Sensor de imagen HD<\/li>\n<li>LCD 2.31 inch<\/li>\n<li>Formato foto JPG<\/li>\n<li>AV output HDMI HD<\/li>\n<li>USB 2.0<\/li>\n<li>Capacidad 32 GB<\/li>\n<\/ul>\n","protected":false},"featured_media":1209,"comment_status":"closed","ping_status":"closed","template":"","meta":{"nf_dc_page":""},"product_brand":[],"product_cat":[1511],"product_tag":[],"class_list":{"0":"post-1163","1":"product","2":"type-product","3":"status-publish","4":"has-post-thumbnail","6":"product_cat-camaras-y-gps","8":"first","9":"instock","10":"shipping-taxable","11":"purchasable","12":"product-type-simple"},"aioseo_notices":[],"jetpack_sharing_enabled":true,"_links":{"self":[{"href":"https:\/\/mercotecnia.cl\/index.php?rest_route=\/wp\/v2\/product\/1163","targetHints":{"allow":["GET"]}}],"collection":[{"href":"https:\/\/mercotecnia.cl\/index.php?rest_route=\/wp\/v2\/product"}],"about":[{"href":"https:\/\/mercotecnia.cl\/index.php?rest_route=\/wp\/v2\/types\/product"}],"replies":[{"embeddable":true,"href":"https:\/\/mercotecnia.cl\/index.php?rest_route=%2Fwp%2Fv2%2Fcomments&post=1163"}],"version-history":[{"count":0,"href":"https:\/\/mercotecnia.cl\/index.php?rest_route=\/wp\/v2\/product\/1163\/revisions"}],"wp:featuredmedia":[{"embeddable":true,"href":"https:\/\/mercotecnia.cl\/index.php?rest_route=\/wp\/v2\/media\/1209"}],"wp:attachment":[{"href":"https:\/\/mercotecnia.cl\/index.php?rest_route=%2Fwp%2Fv2%2Fmedia&parent=1163"}],"wp:term":[{"taxonomy":"product_brand","embeddable":true,"href":"https:\/\/mercotecnia.cl\/index.php?rest_route=%2Fwp%2Fv2%2Fproduct_brand&post=1163"},{"taxonomy":"product_cat","embeddable":true,"href":"https:\/\/mercotecnia.cl\/index.php?rest_route=%2Fwp%2Fv2%2Fproduct_cat&post=1163"},{"taxonomy":"product_tag","embeddable":true,"href":"https:\/\/mercotecnia.cl\/index.php?rest_route=%2Fwp%2Fv2%2Fproduct_tag&post=1163"}],"curies":[{"name":"wp","href":"https:\/\/api.w.org\/{rel}","templated":true}]}}