{"id":1162,"date":"2021-06-08T14:41:58","date_gmt":"2021-06-08T14:41:58","guid":{"rendered":"http:\/\/box5258.temp.domains\/~mercotec\/?post_type=product&#038;p=1162"},"modified":"2025-12-09T13:46:28","modified_gmt":"2025-12-09T13:46:28","slug":"transformador-electronico-led-220v-a-12v-techlico","status":"publish","type":"product","link":"https:\/\/mercotecnia.cl\/?product=transformador-electronico-led-220v-a-12v-techlico","title":{"rendered":"Transformador electr\u00f3nico LED 220v a 12v Techlico"},"content":{"rendered":"","protected":false},"excerpt":{"rendered":"<p class=\"product-title-text\">Controlador de fuente de alimentaci\u00f3n, <strong>Transformador<\/strong> electr\u00f3nico LED l\u00e1mpara,Transformador electr\u00f3nico para tira de luz LED<\/p>\n<ul>\n<li>Alta eficiencia<\/li>\n<li>Input: AC220V<\/li>\n<li>Output AC 12V<\/li>\n<li>50\/60 hz<\/li>\n<li>20 -50w max<\/li>\n<li>Peso: 31 gramos<\/li>\n<li>Dimensiones: 6,7&#215;2,8&#215;2,3 cm aproximado (largo x ancho x Alto)<\/li>\n<\/ul>\n","protected":false},"featured_media":1204,"comment_status":"closed","ping_status":"closed","template":"","meta":{"nf_dc_page":""},"product_brand":[],"product_cat":[1509],"product_tag":[],"class_list":{"0":"post-1162","1":"product","2":"type-product","3":"status-publish","4":"has-post-thumbnail","6":"product_cat-fuentes-de-poder","8":"first","9":"instock","10":"shipping-taxable","11":"purchasable","12":"product-type-simple"},"aioseo_notices":[],"jetpack_sharing_enabled":true,"_links":{"self":[{"href":"https:\/\/mercotecnia.cl\/index.php?rest_route=\/wp\/v2\/product\/1162","targetHints":{"allow":["GET"]}}],"collection":[{"href":"https:\/\/mercotecnia.cl\/index.php?rest_route=\/wp\/v2\/product"}],"about":[{"href":"https:\/\/mercotecnia.cl\/index.php?rest_route=\/wp\/v2\/types\/product"}],"replies":[{"embeddable":true,"href":"https:\/\/mercotecnia.cl\/index.php?rest_route=%2Fwp%2Fv2%2Fcomments&post=1162"}],"version-history":[{"count":0,"href":"https:\/\/mercotecnia.cl\/index.php?rest_route=\/wp\/v2\/product\/1162\/revisions"}],"wp:featuredmedia":[{"embeddable":true,"href":"https:\/\/mercotecnia.cl\/index.php?rest_route=\/wp\/v2\/media\/1204"}],"wp:attachment":[{"href":"https:\/\/mercotecnia.cl\/index.php?rest_route=%2Fwp%2Fv2%2Fmedia&parent=1162"}],"wp:term":[{"taxonomy":"product_brand","embeddable":true,"href":"https:\/\/mercotecnia.cl\/index.php?rest_route=%2Fwp%2Fv2%2Fproduct_brand&post=1162"},{"taxonomy":"product_cat","embeddable":true,"href":"https:\/\/mercotecnia.cl\/index.php?rest_route=%2Fwp%2Fv2%2Fproduct_cat&post=1162"},{"taxonomy":"product_tag","embeddable":true,"href":"https:\/\/mercotecnia.cl\/index.php?rest_route=%2Fwp%2Fv2%2Fproduct_tag&post=1162"}],"curies":[{"name":"wp","href":"https:\/\/api.w.org\/{rel}","templated":true}]}}