{"id":1159,"date":"2021-06-08T14:41:45","date_gmt":"2021-06-08T14:41:45","guid":{"rendered":"http:\/\/box5258.temp.domains\/~mercotec\/?post_type=product&#038;p=1159"},"modified":"2025-10-20T19:05:21","modified_gmt":"2025-10-20T19:05:21","slug":"camara-spia-sq8-full-hd-1080p-mini-dv","status":"publish","type":"product","link":"https:\/\/mercotecnia.cl\/?product=camara-spia-sq8-full-hd-1080p-mini-dv","title":{"rendered":"C\u00e1mara Sp\u00eda SQ8 Full HD 1080P Mini DV"},"content":{"rendered":"<p>Nueva c\u00e1mara Sp\u00eda port\u00e1til modelo SQ8 mini DV, esta c\u00e1mara cuenta con un peque\u00f1o tama\u00f1o de tan s\u00f3lo 2cmx2cm, ideal para c\u00e1mara tipo esp\u00eda, seguridad, web, deportivo o cualquier uso que le quieras dar. Muy liviana y de f\u00e1cil uso incluye adem\u00e1s una pinza y clip de montaje para que puedas instalar libremente.<\/p>\n<p>Puedes conectar directamente al computador y utilizar como c\u00e1mara web, con una muy buena calidad de imagen.<\/p>\n<ul>\n<li>Gran calidad de definici\u00f3n de im\u00e1genes FULL HD1080P<\/li>\n<li>Dise\u00f1o compacto 27 gramos.<\/li>\n<li>Funciona bajo condiciones bajas de luz<\/li>\n<li>Formato Video 1280 x 720P<\/li>\n<li>Formato VIdeo 1920 X 1080P<\/li>\n<li>Toma fotos 12M<\/li>\n<li>Detector de Movimiento 720P y 1080P<\/li>\n<li>USB 2.0<\/li>\n<li>Soporta hasta tarjetas de 32GB t-flash<\/li>\n<li>TV out<\/li>\n<li>Bater\u00eda incorporada que puede durar hasta 100 minutos continuos.<\/li>\n<\/ul>\n<h3>Manual de uso Incluido<\/h3>\n","protected":false},"excerpt":{"rendered":"<p>Nueva c\u00e1mara Sp\u00eda port\u00e1til modelo SQ8 mini DV, esta c\u00e1mara cuenta con un peque\u00f1o tama\u00f1o de tan s\u00f3lo 2cmx2cm, ideal para c\u00e1mara tipo esp\u00eda, seguridad, web, deportivo o cualquier uso que le quieras dar. Muy liviana y de f\u00e1cil uso incluye adem\u00e1s una pinza y clip de montaje para que puedas instalar libremente. Puedes conectar [&hellip;]<\/p>\n","protected":false},"featured_media":1210,"comment_status":"closed","ping_status":"closed","template":"","meta":{"nf_dc_page":""},"product_brand":[],"product_cat":[1511],"product_tag":[],"class_list":{"0":"post-1159","1":"product","2":"type-product","3":"status-publish","4":"has-post-thumbnail","6":"product_cat-camaras-y-gps","8":"first","9":"instock","10":"shipping-taxable","11":"purchasable","12":"product-type-simple"},"aioseo_notices":[],"jetpack_sharing_enabled":true,"_links":{"self":[{"href":"https:\/\/mercotecnia.cl\/index.php?rest_route=\/wp\/v2\/product\/1159","targetHints":{"allow":["GET"]}}],"collection":[{"href":"https:\/\/mercotecnia.cl\/index.php?rest_route=\/wp\/v2\/product"}],"about":[{"href":"https:\/\/mercotecnia.cl\/index.php?rest_route=\/wp\/v2\/types\/product"}],"replies":[{"embeddable":true,"href":"https:\/\/mercotecnia.cl\/index.php?rest_route=%2Fwp%2Fv2%2Fcomments&post=1159"}],"version-history":[{"count":0,"href":"https:\/\/mercotecnia.cl\/index.php?rest_route=\/wp\/v2\/product\/1159\/revisions"}],"wp:featuredmedia":[{"embeddable":true,"href":"https:\/\/mercotecnia.cl\/index.php?rest_route=\/wp\/v2\/media\/1210"}],"wp:attachment":[{"href":"https:\/\/mercotecnia.cl\/index.php?rest_route=%2Fwp%2Fv2%2Fmedia&parent=1159"}],"wp:term":[{"taxonomy":"product_brand","embeddable":true,"href":"https:\/\/mercotecnia.cl\/index.php?rest_route=%2Fwp%2Fv2%2Fproduct_brand&post=1159"},{"taxonomy":"product_cat","embeddable":true,"href":"https:\/\/mercotecnia.cl\/index.php?rest_route=%2Fwp%2Fv2%2Fproduct_cat&post=1159"},{"taxonomy":"product_tag","embeddable":true,"href":"https:\/\/mercotecnia.cl\/index.php?rest_route=%2Fwp%2Fv2%2Fproduct_tag&post=1159"}],"curies":[{"name":"wp","href":"https:\/\/api.w.org\/{rel}","templated":true}]}}