{"id":1158,"date":"2021-06-08T14:41:45","date_gmt":"2021-06-08T14:41:45","guid":{"rendered":"http:\/\/box5258.temp.domains\/~mercotec\/?post_type=product&#038;p=1158"},"modified":"2022-04-05T22:02:51","modified_gmt":"2022-04-05T22:02:51","slug":"buscador-de-objetos-y-llaveros-bluetooth-anti-perdida-gps","status":"publish","type":"product","link":"https:\/\/mercotecnia.cl\/?product=buscador-de-objetos-y-llaveros-bluetooth-anti-perdida-gps","title":{"rendered":"Buscador de Objetos y Llaveros Bluetooth Anti perdida GPS"},"content":{"rendered":"<p>Este efectivo aparato tiene un rango de alcance de 22 metros aproximadamente (75 pies) en rango abierto sin barreras. Los ITAG funcionan con CR2032 (incluida) que es f\u00e1cil de encontrar en el mercado y el reemplazo una vez agotada es tan simple como abrir la cubierta y cambiar, no necesita de un t\u00e9cnico ni especialista. Un bater\u00eda dura medio a\u00f1o o m\u00e1s dependiendo del uso.<\/p>\n<ol>\n<li><strong>Descargar la App <\/strong>antes de usar debes descargar la <strong>App\u00a0<\/strong>en tu tel\u00e9fono m\u00f3vil, b\u00fascala en App store de google ingresando &#8220;<strong>cTracing<\/strong>&#8221; una vez que la encuentres selecciona descargar. M\u00e9todo 2 scanea el c\u00f3digo QR que viene en el manual. Una vez descargada y abierta enciende el Itag c\u00f3mo se explica a continuaci\u00f3n.<\/li>\n<li>Para <strong>Encender<\/strong> debes apretar el bot\u00f3n por 3 segundos hasta que escuches el Beep dos veces<\/li>\n<li>Activa el bluetooth de tu m\u00f3vil\u00a0 Conecta \/ parea tu equipo con el itag.<\/li>\n<li>busca Para <strong>Apagar\u00a0<\/strong>presiona el bot\u00f3n por 3 segundos hasta que escuches el sonido de un Beep largo.<\/li>\n<\/ol>\n","protected":false},"excerpt":{"rendered":"<p>Los llaveros anti p\u00e9rdida ITAG con tecnolog\u00eda bluetooth son perfectos para aquellas personas que hacen muchas cosas a la vez y tienden a olvidar d\u00f3nde han dejado las llaves, la cartera, el bolso, ni\u00f1os, mascotas, etc.<\/p>\n<ul>\n<li>Switch on\/ off<\/li>\n<li>Funciona con App<\/li>\n<\/ul>\n","protected":false},"featured_media":1206,"comment_status":"closed","ping_status":"closed","template":"","meta":{"nf_dc_page":""},"product_brand":[],"product_cat":[1511],"product_tag":[],"class_list":{"0":"post-1158","1":"product","2":"type-product","3":"status-publish","4":"has-post-thumbnail","6":"product_cat-camaras-y-gps","8":"first","9":"instock","10":"featured","11":"shipping-taxable","12":"purchasable","13":"product-type-simple"},"aioseo_notices":[],"jetpack_sharing_enabled":true,"_links":{"self":[{"href":"https:\/\/mercotecnia.cl\/index.php?rest_route=\/wp\/v2\/product\/1158","targetHints":{"allow":["GET"]}}],"collection":[{"href":"https:\/\/mercotecnia.cl\/index.php?rest_route=\/wp\/v2\/product"}],"about":[{"href":"https:\/\/mercotecnia.cl\/index.php?rest_route=\/wp\/v2\/types\/product"}],"replies":[{"embeddable":true,"href":"https:\/\/mercotecnia.cl\/index.php?rest_route=%2Fwp%2Fv2%2Fcomments&post=1158"}],"version-history":[{"count":0,"href":"https:\/\/mercotecnia.cl\/index.php?rest_route=\/wp\/v2\/product\/1158\/revisions"}],"wp:featuredmedia":[{"embeddable":true,"href":"https:\/\/mercotecnia.cl\/index.php?rest_route=\/wp\/v2\/media\/1206"}],"wp:attachment":[{"href":"https:\/\/mercotecnia.cl\/index.php?rest_route=%2Fwp%2Fv2%2Fmedia&parent=1158"}],"wp:term":[{"taxonomy":"product_brand","embeddable":true,"href":"https:\/\/mercotecnia.cl\/index.php?rest_route=%2Fwp%2Fv2%2Fproduct_brand&post=1158"},{"taxonomy":"product_cat","embeddable":true,"href":"https:\/\/mercotecnia.cl\/index.php?rest_route=%2Fwp%2Fv2%2Fproduct_cat&post=1158"},{"taxonomy":"product_tag","embeddable":true,"href":"https:\/\/mercotecnia.cl\/index.php?rest_route=%2Fwp%2Fv2%2Fproduct_tag&post=1158"}],"curies":[{"name":"wp","href":"https:\/\/api.w.org\/{rel}","templated":true}]}}