{"id":1147,"date":"2021-06-08T14:41:45","date_gmt":"2021-06-08T14:41:45","guid":{"rendered":"http:\/\/box5258.temp.domains\/~mercotec\/?post_type=product&#038;p=1147"},"modified":"2023-06-07T16:43:02","modified_gmt":"2023-06-07T16:43:02","slug":"luz-de-emergencia-led","status":"publish","type":"product","link":"https:\/\/mercotecnia.cl\/?product=luz-de-emergencia-led","title":{"rendered":"Luz de Emergencia Led"},"content":{"rendered":"","protected":false},"excerpt":{"rendered":"<p>Los molestos cortes de luz ya no ser\u00e1n un problema con este foco led de autoencendido.<\/p>\n<p>Equipo dise\u00f1ado con l\u00e1mparas SUPER LED independientes y de \u00faltima tecnolog\u00eda de larga vida \u00fatil y alto grado de protecci\u00f3n.<\/p>\n<p><strong>Incluye:\u00a0<\/strong><\/p>\n<ul>\n<li>2 Focos direcional 180\u00b0.<\/li>\n<li>Sistema de autoencendido al haber corte de suministro el\u00e9ctrico.<\/li>\n<li>4 Led luz blanca brillante<\/li>\n<li>Producto Recargable<\/li>\n<li>Indicador que muestra la luz de carga de la bater\u00eda<\/li>\n<li>Equipada con manilla de transporte para que puedas mover y usar f\u00e1cilmente durante un corte de emergencia.<\/li>\n<li>Elegante y pr\u00e1ctico dise\u00f1o port\u00e1til, tambi\u00e9n puede instalarse en pared.<\/li>\n<li>Bateria de 3.6V<\/li>\n<li>Voltaje:220V<\/li>\n<li>Diametro del foco: 12cm<\/li>\n<li>Medidas:27X28Cm<\/li>\n<\/ul>\n<p>&nbsp;<\/p>\n","protected":false},"featured_media":1213,"comment_status":"closed","ping_status":"closed","template":"","meta":{"nf_dc_page":""},"product_brand":[],"product_cat":[1516],"product_tag":[],"class_list":{"0":"post-1147","1":"product","2":"type-product","3":"status-publish","4":"has-post-thumbnail","6":"product_cat-foco-proyector","8":"first","9":"outofstock","10":"shipping-taxable","11":"purchasable","12":"product-type-simple"},"aioseo_notices":[],"jetpack_sharing_enabled":true,"_links":{"self":[{"href":"https:\/\/mercotecnia.cl\/index.php?rest_route=\/wp\/v2\/product\/1147","targetHints":{"allow":["GET"]}}],"collection":[{"href":"https:\/\/mercotecnia.cl\/index.php?rest_route=\/wp\/v2\/product"}],"about":[{"href":"https:\/\/mercotecnia.cl\/index.php?rest_route=\/wp\/v2\/types\/product"}],"replies":[{"embeddable":true,"href":"https:\/\/mercotecnia.cl\/index.php?rest_route=%2Fwp%2Fv2%2Fcomments&post=1147"}],"version-history":[{"count":0,"href":"https:\/\/mercotecnia.cl\/index.php?rest_route=\/wp\/v2\/product\/1147\/revisions"}],"wp:featuredmedia":[{"embeddable":true,"href":"https:\/\/mercotecnia.cl\/index.php?rest_route=\/wp\/v2\/media\/1213"}],"wp:attachment":[{"href":"https:\/\/mercotecnia.cl\/index.php?rest_route=%2Fwp%2Fv2%2Fmedia&parent=1147"}],"wp:term":[{"taxonomy":"product_brand","embeddable":true,"href":"https:\/\/mercotecnia.cl\/index.php?rest_route=%2Fwp%2Fv2%2Fproduct_brand&post=1147"},{"taxonomy":"product_cat","embeddable":true,"href":"https:\/\/mercotecnia.cl\/index.php?rest_route=%2Fwp%2Fv2%2Fproduct_cat&post=1147"},{"taxonomy":"product_tag","embeddable":true,"href":"https:\/\/mercotecnia.cl\/index.php?rest_route=%2Fwp%2Fv2%2Fproduct_tag&post=1147"}],"curies":[{"name":"wp","href":"https:\/\/api.w.org\/{rel}","templated":true}]}}