{"id":1143,"date":"2021-06-08T14:41:44","date_gmt":"2021-06-08T14:41:44","guid":{"rendered":"http:\/\/box5258.temp.domains\/~mercotec\/?post_type=product&#038;p=1143"},"modified":"2022-04-11T20:35:06","modified_gmt":"2022-04-11T20:35:06","slug":"petalos-artificiales-de-rosa-dorados","status":"publish","type":"product","link":"https:\/\/mercotecnia.cl\/?product=petalos-artificiales-de-rosa-dorados","title":{"rendered":"P\u00e9talos Artificiales Varios  Colores"},"content":{"rendered":"<p>P\u00e9talos de Rosa Perfectos para decoraci\u00f3n de matrimonios.<\/p>\n<p><strong>Usos:<\/strong><\/p>\n<ul>\n<li>Salida deNovios de 8 a 10 por invitados.<\/li>\n<li>Decoraci\u00f3n de Mesa entre 50 a 100 p\u00e9talos.<\/li>\n<li>Cubre aproxim\u00e1damente 1 metro cuadrado cobertura densa &#8211; 2 metros cuadrados cobertura Media &#8211; y hasta 5 metros cuadrados para decoraci\u00f3n de iluminaci\u00f3n.<\/li>\n<li>Ni\u00f1a de las Flores entre 100 a 200 p\u00e9talos.<\/li>\n<\/ul>\n","protected":false},"excerpt":{"rendered":"<p>P\u00e9talos de Rosa Perfectos para decoraci\u00f3n de matrimonios. Usos: Salida deNovios de 8 a 10 por invitados. Decoraci\u00f3n de Mesa entre 50 a 100 p\u00e9talos. Cubre aproxim\u00e1damente 1 metro cuadrado cobertura densa &#8211; 2 metros cuadrados cobertura Media &#8211; y hasta 5 metros cuadrados para decoraci\u00f3n de iluminaci\u00f3n. Ni\u00f1a de las Flores entre 100 a [&hellip;]<\/p>\n","protected":false},"featured_media":1442,"comment_status":"closed","ping_status":"closed","template":"","meta":{"nf_dc_page":""},"product_brand":[],"product_cat":[1519],"product_tag":[],"class_list":{"0":"post-1143","1":"product","2":"type-product","3":"status-publish","4":"has-post-thumbnail","6":"product_cat-decoracion-matrimonios","8":"first","9":"instock","10":"shipping-taxable","11":"purchasable","12":"product-type-variable"},"aioseo_notices":[],"jetpack_sharing_enabled":true,"_links":{"self":[{"href":"https:\/\/mercotecnia.cl\/index.php?rest_route=\/wp\/v2\/product\/1143","targetHints":{"allow":["GET"]}}],"collection":[{"href":"https:\/\/mercotecnia.cl\/index.php?rest_route=\/wp\/v2\/product"}],"about":[{"href":"https:\/\/mercotecnia.cl\/index.php?rest_route=\/wp\/v2\/types\/product"}],"replies":[{"embeddable":true,"href":"https:\/\/mercotecnia.cl\/index.php?rest_route=%2Fwp%2Fv2%2Fcomments&post=1143"}],"version-history":[{"count":0,"href":"https:\/\/mercotecnia.cl\/index.php?rest_route=\/wp\/v2\/product\/1143\/revisions"}],"wp:featuredmedia":[{"embeddable":true,"href":"https:\/\/mercotecnia.cl\/index.php?rest_route=\/wp\/v2\/media\/1442"}],"wp:attachment":[{"href":"https:\/\/mercotecnia.cl\/index.php?rest_route=%2Fwp%2Fv2%2Fmedia&parent=1143"}],"wp:term":[{"taxonomy":"product_brand","embeddable":true,"href":"https:\/\/mercotecnia.cl\/index.php?rest_route=%2Fwp%2Fv2%2Fproduct_brand&post=1143"},{"taxonomy":"product_cat","embeddable":true,"href":"https:\/\/mercotecnia.cl\/index.php?rest_route=%2Fwp%2Fv2%2Fproduct_cat&post=1143"},{"taxonomy":"product_tag","embeddable":true,"href":"https:\/\/mercotecnia.cl\/index.php?rest_route=%2Fwp%2Fv2%2Fproduct_tag&post=1143"}],"curies":[{"name":"wp","href":"https:\/\/api.w.org\/{rel}","templated":true}]}}