{"id":1119,"date":"2022-05-12T14:41:26","date_gmt":"2022-05-12T14:41:26","guid":{"rendered":"http:\/\/box5258.temp.domains\/~mercotec\/?post_type=product&#038;p=1119"},"modified":"2022-12-26T18:47:05","modified_gmt":"2022-12-26T18:47:05","slug":"control-ir-con-sensor-de-sonido-rgb","status":"publish","type":"product","link":"https:\/\/mercotecnia.cl\/?product=control-ir-con-sensor-de-sonido-rgb","title":{"rendered":"Control IR con Sensor de Sonido RGB"},"content":{"rendered":"<ul>\n<li><span style=\"font-weight: 400;\">Bajo costo, conexi\u00f3n conveniente y facilidad de uso. <\/span><\/li>\n<li><span style=\"font-weight: 400;\">Funciones: Puedes ajustar el brillo, colores est\u00e1ticos y efectos de cambio de color a trav\u00e9s del control remoto por infrarrojos. Cuando est\u00e1 en modo de control de sonido, los colores cambiar\u00e1n con el ritmo de m\u00fasica. <\/span><\/li>\n<li><span style=\"font-weight: 400;\">Especificaciones: temperatura de trabajo: -20 \u00baC ~ 60 \u00baC.<\/span><\/li>\n<li><span style=\"font-weight: 400;\"> Voltaje de entrada: CC 12-24 V. <\/span><\/li>\n<li><span style=\"font-weight: 400;\">Salida: 3 canales <\/span><\/li>\n<li><span style=\"font-weight: 400;\">Modo de conexi\u00f3n: \u00c1nodo com\u00fan <\/span><\/li>\n<li><span style=\"font-weight: 400;\">Dimensi\u00f3n externa: 24.8 x 1.378 x 0.866 in. <\/span><\/li>\n<li><span style=\"font-weight: 400;\">Peso neto: 1.76 oz. Peso bruto: 2.33 oz<\/span><\/li>\n<li><span style=\"font-weight: 400;\"> Consumo de energ\u00eda est\u00e1tica: &lt;1 W<\/span><\/li>\n<li><span style=\"font-weight: 400;\"> Atenci\u00f3n: Al momento de conectar las l\u00edneas de carga y las l\u00edneas de alimentaci\u00f3n, aseg\u00farese de que toda la conexi\u00f3n sea correcta antes de encender la corriente<\/span><\/li>\n<li><span style=\"font-weight: 400;\">Aseg\u00farese de que no hay obst\u00e1culos entre el controlador IR y el receptor durante el funcionamiento. <\/span><\/li>\n<li><span style=\"font-weight: 400;\">Este producto no debe utilizarse en exteriores ni en cualquier otro ambiente h\u00famedo. No se permite tocar agua ni ning\u00fan l\u00edquido. No impactar ni golpear. <\/span><\/li>\n<li><span style=\"font-weight: 400;\">No se debe utilizar en entornos de alta temperatura y alta presi\u00f3n para evitar da\u00f1os en el producto, y causar cortocircuitos, desastre de incendios y descargas el\u00e9ctricas, etc. <\/span><\/li>\n<li><span style=\"font-weight: 400;\">El paquete incluye: 1 controlador LED de m\u00fasica infrarroja de 20 teclas para RGB tira de luz LED flexible (PS: Solo el mando a distancia RGB, no hay otros incluidos).<\/span><\/li>\n<\/ul>\n<ul>\n<li>20 Botones<\/li>\n<li>RGB<\/li>\n<\/ul>\n","protected":false},"excerpt":{"rendered":"<p>Control IR con sensor de Sonido<br \/>\n<span style=\"font-weight: 400;\">Controlador LED de m\u00fasica infrarroja de 20 teclas en una avanzada unidad de control micro.<\/span><br \/>\n<span style=\"font-weight: 400;\">Producto ampliamente utilizado para controlar variedad de l\u00e1mparas LED, mayormente usada en tiras \/ cintas led.<\/span><\/p>\n","protected":false},"featured_media":1627,"comment_status":"closed","ping_status":"closed","template":"","meta":{"nf_dc_page":""},"product_brand":[],"product_cat":[1526],"product_tag":[],"class_list":{"0":"post-1119","1":"product","2":"type-product","3":"status-publish","4":"has-post-thumbnail","6":"product_cat-control-remoto-cintas","8":"first","9":"instock","10":"featured","11":"shipping-taxable","12":"purchasable","13":"product-type-simple"},"aioseo_notices":[],"jetpack_sharing_enabled":true,"_links":{"self":[{"href":"https:\/\/mercotecnia.cl\/index.php?rest_route=\/wp\/v2\/product\/1119","targetHints":{"allow":["GET"]}}],"collection":[{"href":"https:\/\/mercotecnia.cl\/index.php?rest_route=\/wp\/v2\/product"}],"about":[{"href":"https:\/\/mercotecnia.cl\/index.php?rest_route=\/wp\/v2\/types\/product"}],"replies":[{"embeddable":true,"href":"https:\/\/mercotecnia.cl\/index.php?rest_route=%2Fwp%2Fv2%2Fcomments&post=1119"}],"version-history":[{"count":1,"href":"https:\/\/mercotecnia.cl\/index.php?rest_route=\/wp\/v2\/product\/1119\/revisions"}],"predecessor-version":[{"id":1914,"href":"https:\/\/mercotecnia.cl\/index.php?rest_route=\/wp\/v2\/product\/1119\/revisions\/1914"}],"wp:featuredmedia":[{"embeddable":true,"href":"https:\/\/mercotecnia.cl\/index.php?rest_route=\/wp\/v2\/media\/1627"}],"wp:attachment":[{"href":"https:\/\/mercotecnia.cl\/index.php?rest_route=%2Fwp%2Fv2%2Fmedia&parent=1119"}],"wp:term":[{"taxonomy":"product_brand","embeddable":true,"href":"https:\/\/mercotecnia.cl\/index.php?rest_route=%2Fwp%2Fv2%2Fproduct_brand&post=1119"},{"taxonomy":"product_cat","embeddable":true,"href":"https:\/\/mercotecnia.cl\/index.php?rest_route=%2Fwp%2Fv2%2Fproduct_cat&post=1119"},{"taxonomy":"product_tag","embeddable":true,"href":"https:\/\/mercotecnia.cl\/index.php?rest_route=%2Fwp%2Fv2%2Fproduct_tag&post=1119"}],"curies":[{"name":"wp","href":"https:\/\/api.w.org\/{rel}","templated":true}]}}