{"id":1004,"date":"2022-12-26T14:40:18","date_gmt":"2022-12-26T14:40:18","guid":{"rendered":"http:\/\/box5258.temp.domains\/~mercotec\/?post_type=product&#038;p=1004"},"modified":"2023-07-11T20:55:15","modified_gmt":"2023-07-11T20:55:15","slug":"control-remoto-cinta-led-rf-rgb-17-botones","status":"publish","type":"product","link":"https:\/\/mercotecnia.cl\/?product=control-remoto-cinta-led-rf-rgb-17-botones","title":{"rendered":"Controlador para Cinta Led RGB con Control Remoto RF 17 Botones"},"content":{"rendered":"<h2>Control Remoto Cinta led Rf para cintas RGB<\/h2>\n<p>Un art\u00edculo de gran utilidad para cualquier instalaci\u00f3n con cintas led de colores RGB este es un producto de muy f\u00e1cil instalaci\u00f3n por lo cual no es necesario tener grandes conocimientos para poder realizarla. Simplemente debes unir tu cinta siguiendo la direcci\u00f3n de la flecha y el conector plug a tu fuente de poder.<\/p>\n<p>Crea ambientes, dise\u00f1a iluminaciones creativas dedicadas. Puedes ajustar la intensidad de la luz, elegir tu color favorito, prender y apagar a distancia entre otras funciones.<\/p>\n<p>&nbsp;<\/p>\n","protected":false},"excerpt":{"rendered":"<ul>\n<li>100% nuevo<\/li>\n<li>Mini controlador RGB LED combinada con un controlador de RF 17-botones.<\/li>\n<li>Controla tiras led f\u00e1cilmente<\/li>\n<li>Voltaje : color est\u00e1tica 5V -24V<\/li>\n<li>20 colores est\u00e1ticos<\/li>\n<li>modo din\u00e1mico: 22 modos din\u00e1micos<\/li>\n<li>brillo de grado: 5 niveles de brillo<\/li>\n<li>grado de velocidad de grado &#8216; Modo de 10 niveles<\/li>\n<li>Corriente de salida 6 opciones : Pico 3x4A, 3x2A constante<\/li>\n<li>Dimensi\u00f3n: aproximadamente 8.5x 0.5cm 4x<\/li>\n<li>Color: multicolor<\/li>\n<li>Peso neto: 23g<\/li>\n<li>El paquete incluye: controlador 1xMini RGB 1x RF Manual del usuario 1x remoto inal\u00e1mbrico<\/li>\n<\/ul>\n","protected":false},"featured_media":1599,"comment_status":"closed","ping_status":"closed","template":"","meta":{"nf_dc_page":""},"product_brand":[],"product_cat":[1526],"product_tag":[],"class_list":{"0":"post-1004","1":"product","2":"type-product","3":"status-publish","4":"has-post-thumbnail","6":"product_cat-control-remoto-cintas","8":"first","9":"instock","10":"shipping-taxable","11":"purchasable","12":"product-type-simple"},"aioseo_notices":[],"jetpack_sharing_enabled":true,"_links":{"self":[{"href":"https:\/\/mercotecnia.cl\/index.php?rest_route=\/wp\/v2\/product\/1004","targetHints":{"allow":["GET"]}}],"collection":[{"href":"https:\/\/mercotecnia.cl\/index.php?rest_route=\/wp\/v2\/product"}],"about":[{"href":"https:\/\/mercotecnia.cl\/index.php?rest_route=\/wp\/v2\/types\/product"}],"replies":[{"embeddable":true,"href":"https:\/\/mercotecnia.cl\/index.php?rest_route=%2Fwp%2Fv2%2Fcomments&post=1004"}],"version-history":[{"count":3,"href":"https:\/\/mercotecnia.cl\/index.php?rest_route=\/wp\/v2\/product\/1004\/revisions"}],"predecessor-version":[{"id":1918,"href":"https:\/\/mercotecnia.cl\/index.php?rest_route=\/wp\/v2\/product\/1004\/revisions\/1918"}],"wp:featuredmedia":[{"embeddable":true,"href":"https:\/\/mercotecnia.cl\/index.php?rest_route=\/wp\/v2\/media\/1599"}],"wp:attachment":[{"href":"https:\/\/mercotecnia.cl\/index.php?rest_route=%2Fwp%2Fv2%2Fmedia&parent=1004"}],"wp:term":[{"taxonomy":"product_brand","embeddable":true,"href":"https:\/\/mercotecnia.cl\/index.php?rest_route=%2Fwp%2Fv2%2Fproduct_brand&post=1004"},{"taxonomy":"product_cat","embeddable":true,"href":"https:\/\/mercotecnia.cl\/index.php?rest_route=%2Fwp%2Fv2%2Fproduct_cat&post=1004"},{"taxonomy":"product_tag","embeddable":true,"href":"https:\/\/mercotecnia.cl\/index.php?rest_route=%2Fwp%2Fv2%2Fproduct_tag&post=1004"}],"curies":[{"name":"wp","href":"https:\/\/api.w.org\/{rel}","templated":true}]}}