{"id":1766,"date":"2022-10-08T01:34:10","date_gmt":"2022-10-08T01:34:10","guid":{"rendered":"https:\/\/mercotecnia.cl\/?page_id=1766"},"modified":"2022-10-08T12:52:27","modified_gmt":"2022-10-08T12:52:27","slug":"envios","status":"publish","type":"page","link":"https:\/\/mercotecnia.cl\/?page_id=1766","title":{"rendered":"Envios"},"content":{"rendered":"\t\t<div data-elementor-type=\"wp-page\" data-elementor-id=\"1766\" class=\"elementor elementor-1766\">\n\t\t\t\t\t\t<section class=\"elementor-section elementor-top-section elementor-element elementor-element-82aaa86 elementor-section-boxed elementor-section-height-default elementor-section-height-default\" data-id=\"82aaa86\" data-element_type=\"section\" data-e-type=\"section\">\n\t\t\t\t\t\t<div class=\"elementor-container elementor-column-gap-default\">\n\t\t\t\t\t<div class=\"elementor-column elementor-col-100 elementor-top-column elementor-element elementor-element-b71858d\" data-id=\"b71858d\" data-element_type=\"column\" data-e-type=\"column\">\n\t\t\t<div class=\"elementor-widget-wrap elementor-element-populated\">\n\t\t\t\t\t\t<div class=\"elementor-element elementor-element-348fe9b elementor-widget elementor-widget-text-editor\" data-id=\"348fe9b\" data-element_type=\"widget\" data-e-type=\"widget\" data-widget_type=\"text-editor.default\">\n\t\t\t\t<div class=\"elementor-widget-container\">\n\t\t\t\t\t\t\t\t\t<p><span style=\"font-family: inherit; font-size: inherit; font-style: inherit; font-variant-caps: inherit; caret-color: #000000; color: #000000;\">Cuando est\u00e9s list@ para terminar tu compra y est\u00e9s en el &#8220;carrito&#8221; te aparecer\u00e1n 3 opciones:<\/span><\/p><p><span style=\"color: #000000; font-family: inherit;\"><span style=\"caret-color: #000000; font-size: inherit; font-style: inherit; font-variant-caps: inherit;\">1. <b>Recogida local: <\/b>Podr\u00e1s retirar tu compra en nuestro domicilio particular una vez que hayas recibido un correo electr\u00f3nico\u00a0<\/span><\/span><span style=\"color: #000000;\"><span style=\"caret-color: #000000;\">confirmando<\/span><\/span><span style=\"color: #000000;\"><span style=\"font-family: inherit;\"><span style=\"font-size: inherit; font-style: inherit; font-variant-caps: inherit;\">\u00a0<\/span><\/span>que<span style=\"font-family: inherit;\"><span style=\"font-size: inherit; font-style: inherit; font-variant-caps: inherit;\">\u00a0tu paquete est\u00e1 listo.\u00a0<\/span><\/span><\/span><\/p><p><span style=\"font-family: inherit; font-size: inherit; font-style: inherit; font-variant-caps: inherit; caret-color: #000000; color: #000000;\">2. <\/span><b>Envio Por Pagar<\/b> v\u00eda Starken, Correos de Chile o Chilexpress por pagar. \u00a0Si tienes un servicio de preferencia lo debes indicar. Una vez que realicemos el despacho te enviaremos un correo con el n\u00famero de seguimiento. Por favor indicar tu <b>RUT<\/b> \u00a0en el apartado <b>NOTAS DEL PEDIDO.\u00a0<\/b><\/p><p>No hacemos cargo adicional por este envio por lo tanto puedes cotizar directamente en los \u00a0sitio web de las despachadoras para tener un valor aproximado del costo. Por nuestra experiencia Starken siempre es m\u00e1s econ\u00f3mico, Chilexpress el m\u00e1s r\u00e1pido y Correos de Chile llega a m\u00e1s localidades.<\/p><p><b>Los plazos de entrega\u00a0var\u00edan por proveedor\u00a0usualmente de 2 a 3 d\u00edas dentro de\u00a0Santiago y regiones de 4 a 5 d\u00edas h\u00e1biles.<\/b><\/p><p><span style=\"font-family: inherit; font-size: inherit; font-style: inherit; font-variant-caps: inherit; caret-color: #000000; color: #000000;\"><b>3. Costo Fijo $3.000:<\/b> L<\/span>as Condes, Vitacura y La Reina.\u00a0<span style=\"box-sizing: inherit;\"><bdi style=\"box-sizing: inherit;\">\u00a0Tiempo de entrega entre 24 y 48 hrs.<\/bdi><\/span><\/p>\t\t\t\t\t\t\t\t<\/div>\n\t\t\t\t<\/div>\n\t\t\t\t\t<\/div>\n\t\t<\/div>\n\t\t\t\t\t<\/div>\n\t\t<\/section>\n\t\t\t\t<\/div>\n\t\t","protected":false},"excerpt":{"rendered":"<p>Cuando est\u00e9s list@ para terminar tu compra y est\u00e9s en el &#8220;carrito&#8221; te aparecer\u00e1n 3 opciones: 1. Recogida local: Podr\u00e1s retirar tu compra en nuestro domicilio particular una vez que hayas recibido un correo electr\u00f3nico\u00a0confirmando\u00a0que\u00a0tu paquete est\u00e1 listo.\u00a0 2. Envio Por Pagar v\u00eda Starken, Correos de Chile o Chilexpress por pagar. \u00a0Si tienes un servicio [&hellip;]<\/p>\n","protected":false},"author":1,"featured_media":0,"parent":0,"menu_order":0,"comment_status":"closed","ping_status":"closed","template":"","meta":{"nf_dc_page":"","footnotes":""},"class_list":["post-1766","page","type-page","status-publish","hentry"],"aioseo_notices":[],"jetpack_sharing_enabled":true,"_links":{"self":[{"href":"https:\/\/mercotecnia.cl\/index.php?rest_route=\/wp\/v2\/pages\/1766","targetHints":{"allow":["GET"]}}],"collection":[{"href":"https:\/\/mercotecnia.cl\/index.php?rest_route=\/wp\/v2\/pages"}],"about":[{"href":"https:\/\/mercotecnia.cl\/index.php?rest_route=\/wp\/v2\/types\/page"}],"author":[{"embeddable":true,"href":"https:\/\/mercotecnia.cl\/index.php?rest_route=\/wp\/v2\/users\/1"}],"replies":[{"embeddable":true,"href":"https:\/\/mercotecnia.cl\/index.php?rest_route=%2Fwp%2Fv2%2Fcomments&post=1766"}],"version-history":[{"count":5,"href":"https:\/\/mercotecnia.cl\/index.php?rest_route=\/wp\/v2\/pages\/1766\/revisions"}],"predecessor-version":[{"id":1788,"href":"https:\/\/mercotecnia.cl\/index.php?rest_route=\/wp\/v2\/pages\/1766\/revisions\/1788"}],"wp:attachment":[{"href":"https:\/\/mercotecnia.cl\/index.php?rest_route=%2Fwp%2Fv2%2Fmedia&parent=1766"}],"curies":[{"name":"wp","href":"https:\/\/api.w.org\/{rel}","templated":true}]}}